{"id":24893,"date":"2014-07-09T07:52:09","date_gmt":"2014-07-09T07:52:09","guid":{"rendered":"http:\/\/demo.select-themes.com\/stockholm2\/?page_id=20631"},"modified":"2021-05-09T11:39:52","modified_gmt":"2021-05-09T09:39:52","slug":"realizacje","status":"publish","type":"page","link":"http:\/\/slupyogrodzeniowe.pl\/index.php\/realizacje\/","title":{"rendered":"Realizacje"},"content":{"rendered":"<p>[vc_row row_type=&#8221;row&#8221; use_row_as_full_screen_section=&#8221;no&#8221; type=&#8221;full_width&#8221; text_align=&#8221;left&#8221; background_animation=&#8221;none&#8221; css_animation=&#8221;&#8221; background_color=&#8221;#ffffff&#8221; css=&#8221;.vc_custom_1598596828997{margin-top: 60px !important;}&#8221;][vc_column][vc_row_inner row_type=&#8221;row&#8221; type=&#8221;grid&#8221; use_row_as_full_screen_section_slide=&#8221;no&#8221; text_align=&#8221;left&#8221; padding_top=&#8221;70&#8243; padding_bottom=&#8221;65&#8243; css_animation=&#8221;&#8221; background_color=&#8221;#ffffff&#8221;][vc_column_inner][vc_column_text]<\/p>\n<h2>Ogrodzenia z udzia\u0142em S\u0141UP\u00d3W OGRODZENIOWYCH firmy HUDAR<\/h2>\n<p>[\/vc_column_text][vc_separator type=&#8221;transparent&#8221; border_style=&#8221;&#8221; up=&#8221;35&#8243; down=&#8221;0&#8243;][vc_column_text]<\/p>\n<h4>Prowadzimy sprzeda\u017c na terenie ca\u0142ego kraju jak i zza granic\u0105<\/h4>\n<p>[\/vc_column_text][\/vc_column_inner][\/vc_row_inner][vc_row_inner row_type=&#8221;row&#8221; type=&#8221;grid&#8221; use_row_as_full_screen_section_slide=&#8221;no&#8221; text_align=&#8221;left&#8221; padding_top=&#8221;70&#8243; padding_bottom=&#8221;65&#8243; css_animation=&#8221;&#8221; background_color=&#8221;#ffffff&#8221;][vc_column_inner]<div class='projects_holder_outer v portfolio_no_space portfolio_with_hover_text  qode-filter-position-top'>\n\t\t\n\t<div class='projects_holder clearfix v hover_text no_space portfolio_square_image '>\n\t\t<article class=\"mix \">\n    <div class='image_holder standard_hover'>\n        \n<span class='image'><img width=\"550\" height=\"550\" src=\"http:\/\/slupyogrodzeniowe.pl\/wp-content\/uploads\/2014\/06\/20200616_223928-1-550x550.jpg\" class=\"attachment-portfolio-square size-portfolio-square wp-post-image\" alt=\"\" decoding=\"async\" loading=\"lazy\" srcset=\"http:\/\/slupyogrodzeniowe.pl\/wp-content\/uploads\/2014\/06\/20200616_223928-1-550x550.jpg 550w, http:\/\/slupyogrodzeniowe.pl\/wp-content\/uploads\/2014\/06\/20200616_223928-1-150x150.jpg 150w, http:\/\/slupyogrodzeniowe.pl\/wp-content\/uploads\/2014\/06\/20200616_223928-1-500x500.jpg 500w, http:\/\/slupyogrodzeniowe.pl\/wp-content\/uploads\/2014\/06\/20200616_223928-1-1000x1000.jpg 1000w\" sizes=\"(max-width: 550px) 100vw, 550px\" \/><\/span>\n                    <a class='portfolio_link_class' href='http:\/\/slupyogrodzeniowe.pl\/index.php\/portfolio_page\/berlin-design-week\/' target='_self'><\/a>\n\t\t\n        <div class=\"portfolio_shader\"><\/div>\n<div class=\"text_holder\">\n\t<h4 class=\"portfolio_title\" > Realizacja #1<\/h4><h6 class=\"portfolio_subtitle\"> <\/h6>\t<span class=\"project_category\">\n        <span> In <\/span>\n\t\t    <\/span>\n<\/div>\n<div class=\"icons_holder\">\n\t<div class=\"icons_holder_inner\">\n\t\t\t\t\t<a class='portfolio_lightbox' title='Realizacje' href='http:\/\/slupyogrodzeniowe.pl\/wp-content\/uploads\/2014\/06\/20200616_223928-1-scaled.jpg' data-rel='prettyPhoto[pretty_photo_gallery]'><\/a>\n\t\t\t\t\t<\/div>\n<\/div>\n    <\/div>\n<\/article><article class=\"mix \">\n    <div class='image_holder standard_hover'>\n        \n<span class='image'><img width=\"550\" height=\"550\" src=\"http:\/\/slupyogrodzeniowe.pl\/wp-content\/uploads\/2021\/05\/Slupy-boniowane-550x550.jpg\" class=\"attachment-portfolio-square size-portfolio-square wp-post-image\" alt=\"\" decoding=\"async\" loading=\"lazy\" srcset=\"http:\/\/slupyogrodzeniowe.pl\/wp-content\/uploads\/2021\/05\/Slupy-boniowane-550x550.jpg 550w, http:\/\/slupyogrodzeniowe.pl\/wp-content\/uploads\/2021\/05\/Slupy-boniowane-150x150.jpg 150w, http:\/\/slupyogrodzeniowe.pl\/wp-content\/uploads\/2021\/05\/Slupy-boniowane-500x500.jpg 500w, http:\/\/slupyogrodzeniowe.pl\/wp-content\/uploads\/2021\/05\/Slupy-boniowane-1000x1000.jpg 1000w\" sizes=\"(max-width: 550px) 100vw, 550px\" \/><\/span>\n                    <a class='portfolio_link_class' href='http:\/\/slupyogrodzeniowe.pl\/index.php\/portfolio_page\/realizacja-2\/' target='_self'><\/a>\n\t\t\n        <div class=\"portfolio_shader\"><\/div>\n<div class=\"text_holder\">\n\t<h4 class=\"portfolio_title\" > Realizacja #2<\/h4><h6 class=\"portfolio_subtitle\"> <\/h6>\t<span class=\"project_category\">\n        <span> In <\/span>\n\t\t    <\/span>\n<\/div>\n<div class=\"icons_holder\">\n\t<div class=\"icons_holder_inner\">\n\t\t\t\t\t<a class='portfolio_lightbox' title='Realizacje' href='http:\/\/slupyogrodzeniowe.pl\/wp-content\/uploads\/2021\/05\/Slupy-boniowane-scaled.jpg' data-rel='prettyPhoto[pretty_photo_gallery]'><\/a>\n\t\t\t\t\t<\/div>\n<\/div>\n    <\/div>\n<\/article><article class=\"mix \">\n    <div class='image_holder standard_hover'>\n        \n<span class='image'><img width=\"550\" height=\"550\" src=\"http:\/\/slupyogrodzeniowe.pl\/wp-content\/uploads\/2021\/05\/Slupki-boniowane-wielkie-550x550.jpg\" class=\"attachment-portfolio-square size-portfolio-square wp-post-image\" alt=\"\" decoding=\"async\" loading=\"lazy\" srcset=\"http:\/\/slupyogrodzeniowe.pl\/wp-content\/uploads\/2021\/05\/Slupki-boniowane-wielkie-550x550.jpg 550w, http:\/\/slupyogrodzeniowe.pl\/wp-content\/uploads\/2021\/05\/Slupki-boniowane-wielkie-150x150.jpg 150w, http:\/\/slupyogrodzeniowe.pl\/wp-content\/uploads\/2021\/05\/Slupki-boniowane-wielkie-500x500.jpg 500w, http:\/\/slupyogrodzeniowe.pl\/wp-content\/uploads\/2021\/05\/Slupki-boniowane-wielkie-1000x1000.jpg 1000w\" sizes=\"(max-width: 550px) 100vw, 550px\" \/><\/span>\n                    <a class='portfolio_link_class' href='http:\/\/slupyogrodzeniowe.pl\/index.php\/portfolio_page\/realizacja-3\/' target='_self'><\/a>\n\t\t\n        <div class=\"portfolio_shader\"><\/div>\n<div class=\"text_holder\">\n\t<h4 class=\"portfolio_title\" > Realizacja #3<\/h4><h6 class=\"portfolio_subtitle\"> <\/h6>\t<span class=\"project_category\">\n        <span> In <\/span>\n\t\t    <\/span>\n<\/div>\n<div class=\"icons_holder\">\n\t<div class=\"icons_holder_inner\">\n\t\t\t\t\t<a class='portfolio_lightbox' title='Realizacje' href='http:\/\/slupyogrodzeniowe.pl\/wp-content\/uploads\/2021\/05\/Slupki-boniowane-wielkie-scaled.jpg' data-rel='prettyPhoto[pretty_photo_gallery]'><\/a>\n\t\t\t\t\t<\/div>\n<\/div>\n    <\/div>\n<\/article><article class=\"mix \">\n    <div class='image_holder standard_hover'>\n        \n<span class='image'><img width=\"550\" height=\"550\" src=\"http:\/\/slupyogrodzeniowe.pl\/wp-content\/uploads\/2021\/05\/Slupy-ogrodzeniowe-willa-parkowa-4-550x550.jpg\" class=\"attachment-portfolio-square size-portfolio-square wp-post-image\" alt=\"\" decoding=\"async\" loading=\"lazy\" srcset=\"http:\/\/slupyogrodzeniowe.pl\/wp-content\/uploads\/2021\/05\/Slupy-ogrodzeniowe-willa-parkowa-4-550x550.jpg 550w, http:\/\/slupyogrodzeniowe.pl\/wp-content\/uploads\/2021\/05\/Slupy-ogrodzeniowe-willa-parkowa-4-150x150.jpg 150w, http:\/\/slupyogrodzeniowe.pl\/wp-content\/uploads\/2021\/05\/Slupy-ogrodzeniowe-willa-parkowa-4-500x500.jpg 500w, http:\/\/slupyogrodzeniowe.pl\/wp-content\/uploads\/2021\/05\/Slupy-ogrodzeniowe-willa-parkowa-4-1000x1000.jpg 1000w\" sizes=\"(max-width: 550px) 100vw, 550px\" \/><\/span>\n                    <a class='portfolio_link_class' href='http:\/\/slupyogrodzeniowe.pl\/index.php\/portfolio_page\/realizacja-4\/' target='_self'><\/a>\n\t\t\n        <div class=\"portfolio_shader\"><\/div>\n<div class=\"text_holder\">\n\t<h4 class=\"portfolio_title\" > Realizacja #4<\/h4><h6 class=\"portfolio_subtitle\"> <\/h6>\t<span class=\"project_category\">\n        <span> In <\/span>\n\t\t    <\/span>\n<\/div>\n<div class=\"icons_holder\">\n\t<div class=\"icons_holder_inner\">\n\t\t\t\t\t<a class='portfolio_lightbox' title='Realizacje' href='http:\/\/slupyogrodzeniowe.pl\/wp-content\/uploads\/2021\/05\/Slupy-ogrodzeniowe-willa-parkowa-4-scaled.jpg' data-rel='prettyPhoto[pretty_photo_gallery]'><\/a>\n\t\t\t\t\t<\/div>\n<\/div>\n    <\/div>\n<\/article><article class=\"mix \">\n    <div class='image_holder standard_hover'>\n        \n<span class='image'><img width=\"550\" height=\"550\" src=\"http:\/\/slupyogrodzeniowe.pl\/wp-content\/uploads\/2021\/05\/Zakroczym-slupy-ogrodzeniowe-betonowe-stylowe-dworkowe-palacowe-ogrodzenie-550x550.jpg\" class=\"attachment-portfolio-square size-portfolio-square wp-post-image\" alt=\"\" decoding=\"async\" loading=\"lazy\" srcset=\"http:\/\/slupyogrodzeniowe.pl\/wp-content\/uploads\/2021\/05\/Zakroczym-slupy-ogrodzeniowe-betonowe-stylowe-dworkowe-palacowe-ogrodzenie-550x550.jpg 550w, http:\/\/slupyogrodzeniowe.pl\/wp-content\/uploads\/2021\/05\/Zakroczym-slupy-ogrodzeniowe-betonowe-stylowe-dworkowe-palacowe-ogrodzenie-150x150.jpg 150w, http:\/\/slupyogrodzeniowe.pl\/wp-content\/uploads\/2021\/05\/Zakroczym-slupy-ogrodzeniowe-betonowe-stylowe-dworkowe-palacowe-ogrodzenie-500x500.jpg 500w, http:\/\/slupyogrodzeniowe.pl\/wp-content\/uploads\/2021\/05\/Zakroczym-slupy-ogrodzeniowe-betonowe-stylowe-dworkowe-palacowe-ogrodzenie-1000x1000.jpg 1000w\" sizes=\"(max-width: 550px) 100vw, 550px\" \/><\/span>\n                    <a class='portfolio_link_class' href='http:\/\/slupyogrodzeniowe.pl\/index.php\/portfolio_page\/realizacja-5\/' target='_self'><\/a>\n\t\t\n        <div class=\"portfolio_shader\"><\/div>\n<div class=\"text_holder\">\n\t<h4 class=\"portfolio_title\" > Realizacja #5<\/h4><h6 class=\"portfolio_subtitle\"> <\/h6>\t<span class=\"project_category\">\n        <span> In <\/span>\n\t\t    <\/span>\n<\/div>\n<div class=\"icons_holder\">\n\t<div class=\"icons_holder_inner\">\n\t\t\t\t\t<a class='portfolio_lightbox' title='Realizacje' href='http:\/\/slupyogrodzeniowe.pl\/wp-content\/uploads\/2021\/05\/Zakroczym-slupy-ogrodzeniowe-betonowe-stylowe-dworkowe-palacowe-ogrodzenie-scaled.jpg' data-rel='prettyPhoto[pretty_photo_gallery]'><\/a>\n\t\t\t\t\t<\/div>\n<\/div>\n    <\/div>\n<\/article><article class=\"mix \">\n    <div class='image_holder standard_hover'>\n        \n<span class='image'><img width=\"550\" height=\"550\" src=\"http:\/\/slupyogrodzeniowe.pl\/wp-content\/uploads\/2021\/05\/Slupki-ogrodzeniowe-ksztalt-luk-2-550x550.jpg\" class=\"attachment-portfolio-square size-portfolio-square wp-post-image\" alt=\"\" decoding=\"async\" loading=\"lazy\" srcset=\"http:\/\/slupyogrodzeniowe.pl\/wp-content\/uploads\/2021\/05\/Slupki-ogrodzeniowe-ksztalt-luk-2-550x550.jpg 550w, http:\/\/slupyogrodzeniowe.pl\/wp-content\/uploads\/2021\/05\/Slupki-ogrodzeniowe-ksztalt-luk-2-150x150.jpg 150w, http:\/\/slupyogrodzeniowe.pl\/wp-content\/uploads\/2021\/05\/Slupki-ogrodzeniowe-ksztalt-luk-2-500x500.jpg 500w, http:\/\/slupyogrodzeniowe.pl\/wp-content\/uploads\/2021\/05\/Slupki-ogrodzeniowe-ksztalt-luk-2-1000x1000.jpg 1000w\" sizes=\"(max-width: 550px) 100vw, 550px\" \/><\/span>\n                    <a class='portfolio_link_class' href='http:\/\/slupyogrodzeniowe.pl\/index.php\/portfolio_page\/realizacja-6\/' target='_self'><\/a>\n\t\t\n        <div class=\"portfolio_shader\"><\/div>\n<div class=\"text_holder\">\n\t<h4 class=\"portfolio_title\" > Realizacja #6<\/h4><h6 class=\"portfolio_subtitle\"> <\/h6>\t<span class=\"project_category\">\n        <span> In <\/span>\n\t\t    <\/span>\n<\/div>\n<div class=\"icons_holder\">\n\t<div class=\"icons_holder_inner\">\n\t\t\t\t\t<a class='portfolio_lightbox' title='Realizacje' href='http:\/\/slupyogrodzeniowe.pl\/wp-content\/uploads\/2021\/05\/Slupki-ogrodzeniowe-ksztalt-luk-2-scaled.jpg' data-rel='prettyPhoto[pretty_photo_gallery]'><\/a>\n\t\t\t\t\t<\/div>\n<\/div>\n    <\/div>\n<\/article><article class=\"mix \">\n    <div class='image_holder standard_hover'>\n        \n<span class='image'><img width=\"550\" height=\"550\" src=\"http:\/\/slupyogrodzeniowe.pl\/wp-content\/uploads\/2021\/05\/Slupy-stylowe-luk-2-550x550.jpg\" class=\"attachment-portfolio-square size-portfolio-square wp-post-image\" alt=\"\" decoding=\"async\" loading=\"lazy\" srcset=\"http:\/\/slupyogrodzeniowe.pl\/wp-content\/uploads\/2021\/05\/Slupy-stylowe-luk-2-550x550.jpg 550w, http:\/\/slupyogrodzeniowe.pl\/wp-content\/uploads\/2021\/05\/Slupy-stylowe-luk-2-150x150.jpg 150w, http:\/\/slupyogrodzeniowe.pl\/wp-content\/uploads\/2021\/05\/Slupy-stylowe-luk-2-500x500.jpg 500w, http:\/\/slupyogrodzeniowe.pl\/wp-content\/uploads\/2021\/05\/Slupy-stylowe-luk-2-1000x1000.jpg 1000w\" sizes=\"(max-width: 550px) 100vw, 550px\" \/><\/span>\n                    <a class='portfolio_link_class' href='http:\/\/slupyogrodzeniowe.pl\/index.php\/portfolio_page\/realizacja-7\/' target='_self'><\/a>\n\t\t\n        <div class=\"portfolio_shader\"><\/div>\n<div class=\"text_holder\">\n\t<h4 class=\"portfolio_title\" > Realizacja #7<\/h4><h6 class=\"portfolio_subtitle\"> <\/h6>\t<span class=\"project_category\">\n        <span> In <\/span>\n\t\t    <\/span>\n<\/div>\n<div class=\"icons_holder\">\n\t<div class=\"icons_holder_inner\">\n\t\t\t\t\t<a class='portfolio_lightbox' title='Realizacje' href='http:\/\/slupyogrodzeniowe.pl\/wp-content\/uploads\/2021\/05\/Slupy-stylowe-luk-2-scaled.jpg' data-rel='prettyPhoto[pretty_photo_gallery]'><\/a>\n\t\t\t\t\t<\/div>\n<\/div>\n    <\/div>\n<\/article><article class=\"mix \">\n    <div class='image_holder standard_hover'>\n        \n<span class='image'><img width=\"550\" height=\"550\" src=\"http:\/\/slupyogrodzeniowe.pl\/wp-content\/uploads\/2021\/05\/Slupki-stylowe-prostokat-550x550.jpg\" class=\"attachment-portfolio-square size-portfolio-square wp-post-image\" alt=\"\" decoding=\"async\" loading=\"lazy\" srcset=\"http:\/\/slupyogrodzeniowe.pl\/wp-content\/uploads\/2021\/05\/Slupki-stylowe-prostokat-550x550.jpg 550w, http:\/\/slupyogrodzeniowe.pl\/wp-content\/uploads\/2021\/05\/Slupki-stylowe-prostokat-150x150.jpg 150w, http:\/\/slupyogrodzeniowe.pl\/wp-content\/uploads\/2021\/05\/Slupki-stylowe-prostokat-500x500.jpg 500w, http:\/\/slupyogrodzeniowe.pl\/wp-content\/uploads\/2021\/05\/Slupki-stylowe-prostokat-1000x1000.jpg 1000w\" sizes=\"(max-width: 550px) 100vw, 550px\" \/><\/span>\n                    <a class='portfolio_link_class' href='http:\/\/slupyogrodzeniowe.pl\/index.php\/portfolio_page\/realizacja-8\/' target='_self'><\/a>\n\t\t\n        <div class=\"portfolio_shader\"><\/div>\n<div class=\"text_holder\">\n\t<h4 class=\"portfolio_title\" > Realizacja #8<\/h4><h6 class=\"portfolio_subtitle\"> <\/h6>\t<span class=\"project_category\">\n        <span> In <\/span>\n\t\t    <\/span>\n<\/div>\n<div class=\"icons_holder\">\n\t<div class=\"icons_holder_inner\">\n\t\t\t\t\t<a class='portfolio_lightbox' title='Realizacje' href='http:\/\/slupyogrodzeniowe.pl\/wp-content\/uploads\/2021\/05\/Slupki-stylowe-prostokat-scaled.jpg' data-rel='prettyPhoto[pretty_photo_gallery]'><\/a>\n\t\t\t\t\t<\/div>\n<\/div>\n    <\/div>\n<\/article><article class=\"mix \">\n    <div class='image_holder standard_hover'>\n        \n<span class='image'><img width=\"550\" height=\"550\" src=\"http:\/\/slupyogrodzeniowe.pl\/wp-content\/uploads\/2021\/05\/Slupki-stylowe-z-kula-4-550x550.jpg\" class=\"attachment-portfolio-square size-portfolio-square wp-post-image\" alt=\"\" decoding=\"async\" loading=\"lazy\" srcset=\"http:\/\/slupyogrodzeniowe.pl\/wp-content\/uploads\/2021\/05\/Slupki-stylowe-z-kula-4-550x550.jpg 550w, http:\/\/slupyogrodzeniowe.pl\/wp-content\/uploads\/2021\/05\/Slupki-stylowe-z-kula-4-150x150.jpg 150w, http:\/\/slupyogrodzeniowe.pl\/wp-content\/uploads\/2021\/05\/Slupki-stylowe-z-kula-4-500x500.jpg 500w, http:\/\/slupyogrodzeniowe.pl\/wp-content\/uploads\/2021\/05\/Slupki-stylowe-z-kula-4-1000x1000.jpg 1000w\" sizes=\"(max-width: 550px) 100vw, 550px\" \/><\/span>\n                    <a class='portfolio_link_class' href='http:\/\/slupyogrodzeniowe.pl\/index.php\/portfolio_page\/realizacja-9\/' target='_self'><\/a>\n\t\t\n        <div class=\"portfolio_shader\"><\/div>\n<div class=\"text_holder\">\n\t<h4 class=\"portfolio_title\" > Realizacja #9<\/h4><h6 class=\"portfolio_subtitle\"> <\/h6>\t<span class=\"project_category\">\n        <span> In <\/span>\n\t\t    <\/span>\n<\/div>\n<div class=\"icons_holder\">\n\t<div class=\"icons_holder_inner\">\n\t\t\t\t\t<a class='portfolio_lightbox' title='Realizacje' href='http:\/\/slupyogrodzeniowe.pl\/wp-content\/uploads\/2021\/05\/Slupki-stylowe-z-kula-4-scaled.jpg' data-rel='prettyPhoto[pretty_photo_gallery]'><\/a>\n\t\t\t\t\t<\/div>\n<\/div>\n    <\/div>\n<\/article><article class=\"mix \">\n    <div class='image_holder standard_hover'>\n        \n<span class='image'><img width=\"550\" height=\"550\" src=\"http:\/\/slupyogrodzeniowe.pl\/wp-content\/uploads\/2021\/05\/155477976_249396400191588_4331643990335681111_n-550x550.jpg\" class=\"attachment-portfolio-square size-portfolio-square wp-post-image\" alt=\"\" decoding=\"async\" loading=\"lazy\" srcset=\"http:\/\/slupyogrodzeniowe.pl\/wp-content\/uploads\/2021\/05\/155477976_249396400191588_4331643990335681111_n-550x550.jpg 550w, http:\/\/slupyogrodzeniowe.pl\/wp-content\/uploads\/2021\/05\/155477976_249396400191588_4331643990335681111_n-150x150.jpg 150w, http:\/\/slupyogrodzeniowe.pl\/wp-content\/uploads\/2021\/05\/155477976_249396400191588_4331643990335681111_n-500x500.jpg 500w, http:\/\/slupyogrodzeniowe.pl\/wp-content\/uploads\/2021\/05\/155477976_249396400191588_4331643990335681111_n-1000x1000.jpg 1000w\" sizes=\"(max-width: 550px) 100vw, 550px\" \/><\/span>\n                    <a class='portfolio_link_class' href='http:\/\/slupyogrodzeniowe.pl\/index.php\/portfolio_page\/realizacja-10\/' target='_self'><\/a>\n\t\t\n        <div class=\"portfolio_shader\"><\/div>\n<div class=\"text_holder\">\n\t<h4 class=\"portfolio_title\" > Realizacja #10<\/h4><h6 class=\"portfolio_subtitle\"> <\/h6>\t<span class=\"project_category\">\n        <span> In <\/span>\n\t\t    <\/span>\n<\/div>\n<div class=\"icons_holder\">\n\t<div class=\"icons_holder_inner\">\n\t\t\t\t\t<a class='portfolio_lightbox' title='Realizacje' href='http:\/\/slupyogrodzeniowe.pl\/wp-content\/uploads\/2021\/05\/155477976_249396400191588_4331643990335681111_n.jpg' data-rel='prettyPhoto[pretty_photo_gallery]'><\/a>\n\t\t\t\t\t<\/div>\n<\/div>\n    <\/div>\n<\/article><article class=\"mix \">\n    <div class='image_holder standard_hover'>\n        \n<span class='image'><img width=\"550\" height=\"550\" src=\"http:\/\/slupyogrodzeniowe.pl\/wp-content\/uploads\/2022\/08\/IMG20220719165510-550x550.jpg\" class=\"attachment-portfolio-square size-portfolio-square wp-post-image\" alt=\"\" decoding=\"async\" loading=\"lazy\" srcset=\"http:\/\/slupyogrodzeniowe.pl\/wp-content\/uploads\/2022\/08\/IMG20220719165510-550x550.jpg 550w, http:\/\/slupyogrodzeniowe.pl\/wp-content\/uploads\/2022\/08\/IMG20220719165510-150x150.jpg 150w, http:\/\/slupyogrodzeniowe.pl\/wp-content\/uploads\/2022\/08\/IMG20220719165510-500x500.jpg 500w, http:\/\/slupyogrodzeniowe.pl\/wp-content\/uploads\/2022\/08\/IMG20220719165510-1000x1000.jpg 1000w\" sizes=\"(max-width: 550px) 100vw, 550px\" \/><\/span>\n                    <a class='portfolio_link_class' href='http:\/\/slupyogrodzeniowe.pl\/index.php\/portfolio_page\/realizacja-11\/' target='_self'><\/a>\n\t\t\n        <div class=\"portfolio_shader\"><\/div>\n<div class=\"text_holder\">\n\t<h4 class=\"portfolio_title\" > Realizacja #11<\/h4><h6 class=\"portfolio_subtitle\"> <\/h6>\t<span class=\"project_category\">\n        <span> In <\/span>\n\t\t    <\/span>\n<\/div>\n<div class=\"icons_holder\">\n\t<div class=\"icons_holder_inner\">\n\t\t\t\t\t<a class='portfolio_lightbox' title='Realizacje' href='http:\/\/slupyogrodzeniowe.pl\/wp-content\/uploads\/2022\/08\/IMG20220719165510-scaled.jpg' data-rel='prettyPhoto[pretty_photo_gallery]'><\/a>\n\t\t\t\t\t<\/div>\n<\/div>\n    <\/div>\n<\/article><article class=\"mix \">\n    <div class='image_holder standard_hover'>\n        \n<span class='image'><img width=\"550\" height=\"550\" src=\"http:\/\/slupyogrodzeniowe.pl\/wp-content\/uploads\/2023\/07\/Slup-stylowy-LUK-5-550x550.jpg\" class=\"attachment-portfolio-square size-portfolio-square wp-post-image\" alt=\"\" decoding=\"async\" loading=\"lazy\" srcset=\"http:\/\/slupyogrodzeniowe.pl\/wp-content\/uploads\/2023\/07\/Slup-stylowy-LUK-5-550x550.jpg 550w, http:\/\/slupyogrodzeniowe.pl\/wp-content\/uploads\/2023\/07\/Slup-stylowy-LUK-5-150x150.jpg 150w, http:\/\/slupyogrodzeniowe.pl\/wp-content\/uploads\/2023\/07\/Slup-stylowy-LUK-5-500x500.jpg 500w, http:\/\/slupyogrodzeniowe.pl\/wp-content\/uploads\/2023\/07\/Slup-stylowy-LUK-5-1000x1000.jpg 1000w\" sizes=\"(max-width: 550px) 100vw, 550px\" \/><\/span>\n                    <a class='portfolio_link_class' href='http:\/\/slupyogrodzeniowe.pl\/index.php\/portfolio_page\/realizacja-12\/' target='_self'><\/a>\n\t\t\n        <div class=\"portfolio_shader\"><\/div>\n<div class=\"text_holder\">\n\t<h4 class=\"portfolio_title\" > Realizacja #12<\/h4><h6 class=\"portfolio_subtitle\"> <\/h6>\t<span class=\"project_category\">\n        <span> In <\/span>\n\t\t    <\/span>\n<\/div>\n<div class=\"icons_holder\">\n\t<div class=\"icons_holder_inner\">\n\t\t\t\t\t<a class='portfolio_lightbox' title='Realizacje' href='http:\/\/slupyogrodzeniowe.pl\/wp-content\/uploads\/2023\/07\/Slup-stylowy-LUK-5-scaled.jpg' data-rel='prettyPhoto[pretty_photo_gallery]'><\/a>\n\t\t\t\t\t<\/div>\n<\/div>\n    <\/div>\n<\/article>\t<\/div>\n\t<\/div>\n[\/vc_column_inner][\/vc_row_inner][\/vc_column][\/vc_row]<\/p>\n","protected":false},"excerpt":{"rendered":"<p>[vc_row row_type=&#8221;row&#8221; use_row_as_full_screen_section=&#8221;no&#8221; type=&#8221;full_width&#8221; text_align=&#8221;left&#8221; background_animation=&#8221;none&#8221; css_animation=&#8221;&#8221; background_color=&#8221;#ffffff&#8221; css=&#8221;.vc_custom_1598596828997{margin-top: 60px !important;}&#8221;][vc_column][vc_row_inner row_type=&#8221;row&#8221; type=&#8221;grid&#8221; use_row_as_full_screen_section_slide=&#8221;no&#8221; text_align=&#8221;left&#8221; padding_top=&#8221;70&#8243; padding_bottom=&#8221;65&#8243; css_animation=&#8221;&#8221; background_color=&#8221;#ffffff&#8221;][vc_column_inner][vc_column_text] Ogrodzenia z udzia\u0142em S\u0141UP\u00d3W OGRODZENIOWYCH firmy HUDAR [\/vc_column_text][vc_separator type=&#8221;transparent&#8221; border_style=&#8221;&#8221; up=&#8221;35&#8243; down=&#8221;0&#8243;][vc_column_text] Prowadzimy sprzeda\u017c na terenie ca\u0142ego kraju jak i zza granic\u0105 [\/vc_column_text][\/vc_column_inner][\/vc_row_inner][vc_row_inner row_type=&#8221;row&#8221; type=&#8221;grid&#8221; use_row_as_full_screen_section_slide=&#8221;no&#8221;&#8230;<\/p>\n","protected":false},"author":1,"featured_media":0,"parent":0,"menu_order":0,"comment_status":"open","ping_status":"open","template":"full_width.php","meta":[],"_links":{"self":[{"href":"http:\/\/slupyogrodzeniowe.pl\/index.php\/wp-json\/wp\/v2\/pages\/24893"}],"collection":[{"href":"http:\/\/slupyogrodzeniowe.pl\/index.php\/wp-json\/wp\/v2\/pages"}],"about":[{"href":"http:\/\/slupyogrodzeniowe.pl\/index.php\/wp-json\/wp\/v2\/types\/page"}],"author":[{"embeddable":true,"href":"http:\/\/slupyogrodzeniowe.pl\/index.php\/wp-json\/wp\/v2\/users\/1"}],"replies":[{"embeddable":true,"href":"http:\/\/slupyogrodzeniowe.pl\/index.php\/wp-json\/wp\/v2\/comments?post=24893"}],"version-history":[{"count":9,"href":"http:\/\/slupyogrodzeniowe.pl\/index.php\/wp-json\/wp\/v2\/pages\/24893\/revisions"}],"predecessor-version":[{"id":25146,"href":"http:\/\/slupyogrodzeniowe.pl\/index.php\/wp-json\/wp\/v2\/pages\/24893\/revisions\/25146"}],"wp:attachment":[{"href":"http:\/\/slupyogrodzeniowe.pl\/index.php\/wp-json\/wp\/v2\/media?parent=24893"}],"curies":[{"name":"wp","href":"https:\/\/api.w.org\/{rel}","templated":true}]}}