{"id":18859,"date":"2014-06-02T09:22:38","date_gmt":"2014-06-02T09:22:38","guid":{"rendered":"http:\/\/demo.select-themes.com\/stockholm2\/?page_id=18859"},"modified":"2021-05-08T21:03:11","modified_gmt":"2021-05-08T19:03:11","slug":"o-nas","status":"publish","type":"page","link":"http:\/\/slupyogrodzeniowe.pl\/index.php\/o-nas\/","title":{"rendered":"O Nas"},"content":{"rendered":"<p>[vc_row row_type=&#8221;row&#8221; use_row_as_full_screen_section=&#8221;no&#8221; type=&#8221;grid&#8221; text_align=&#8221;left&#8221; background_animation=&#8221;none&#8221; padding_top=&#8221;85&#8243; padding_bottom=&#8221;50&#8243; css_animation=&#8221;&#8221; background_color=&#8221;#ffffff&#8221;][vc_column][vc_column_text]<\/p>\n<h5>O FIRMIE<\/h5>\n<p>[\/vc_column_text][vc_separator type=&#8221;transparent&#8221; border_style=&#8221;&#8221; thickness=&#8221;1&#8243; up=&#8221;20&#8243; down=&#8221;0&#8243;][vc_column_text]Jeste\u015bmy ma\u0142\u0105 firm\u0105 specjalizuj\u0105c\u0105 si\u0119 w produkcji betonowych prefabrykat\u00f3w w postaci s\u0142up\u00f3w ogrodzeniowych. Oferowane przez nas produkty odlewane s\u0105 z solidnej mieszanki betonowej, co przek\u0142ada si\u0119 na ich wytrzyma\u0142o\u015b\u0107 oraz wyj\u0105tkow\u0105 trwa\u0142o\u015b\u0107. Wszystkie prefabrykaty poddawane s\u0105 procesom starannej obr\u00f3bki r\u0119cznej by w ko\u0144cowej fazie mog\u0142y by\u0107 natryskowo pomalowane daj\u0105c im wyj\u0105tkowe, niepowtarzalne wykonanie.<\/p>\n<p>Ka\u017cdy s\u0142up sk\u0142ada si\u0119 z kilku element\u00f3w, tj.:<\/p>\n<ul>\n<li>PODSTAWA,<\/li>\n<li>TRZON,<\/li>\n<li>G\u0141OWICA,<\/li>\n<li>CZAPA.<\/li>\n<\/ul>\n<p>Dysponujemy wieloma modelami poszczeg\u00f3lnych element\u00f3w. Jeste\u015bmy elastyczni i ka\u017cdy klient mo\u017ce dobra\u0107 poszczeg\u00f3lne elementy tworz\u0105c indywidualny projekt.<\/p>\n<p>Posiadamy du\u017ce do\u015bwiadczenie z zakresu wykonywanych przez nas us\u0142ug. Wykonali\u015bmy wiele zam\u00f3wie\u0144 na terenie ca\u0142ej Polski jak i zza granic\u0105. Cieszymy si\u0119 dobr\u0105 opini\u0105 i uznaniem w\u015br\u00f3d klient\u00f3w, wykonawc\u00f3w czy projektant\u00f3w. Mo\u017cna znale\u017a\u0107 wiele pozytywnych opinii na nasz temat na r\u00f3\u017cnych grupach budowlanych na Facebook`u czy innych portalach spo\u0142eczno\u015bciowych.<\/p>\n<p>Do ka\u017cdego klienta podchodzimy indywidualnie i z przyjemno\u015bci\u0105 udzielamy wszelkich wskaz\u00f3wek i rad do jak najlepszego wykonania ogrodzenia z udzia\u0142em naszych produkt\u00f3w.<\/p>\n<p>Uda\u0142o nam si\u0119 nak\u0142oni\u0107 wiele os\u00f3b niezwi\u0105zanych z bran\u017c\u0105 budowlan\u0105 do wykonania ogrodzenia na bazie naszego produktu i naprawd\u0119 si\u0119 uda\u0142o![\/vc_column_text][vc_separator type=&#8221;transparent&#8221; border_style=&#8221;&#8221; up=&#8221;40&#8243; down=&#8221;0&#8243;][\/vc_column][\/vc_row]<\/p>\n","protected":false},"excerpt":{"rendered":"<p>[vc_row row_type=&#8221;row&#8221; use_row_as_full_screen_section=&#8221;no&#8221; type=&#8221;grid&#8221; text_align=&#8221;left&#8221; background_animation=&#8221;none&#8221; padding_top=&#8221;85&#8243; padding_bottom=&#8221;50&#8243; css_animation=&#8221;&#8221; background_color=&#8221;#ffffff&#8221;][vc_column][vc_column_text] O FIRMIE [\/vc_column_text][vc_separator type=&#8221;transparent&#8221; border_style=&#8221;&#8221; thickness=&#8221;1&#8243; up=&#8221;20&#8243; down=&#8221;0&#8243;][vc_column_text]Jeste\u015bmy ma\u0142\u0105 firm\u0105 specjalizuj\u0105c\u0105 si\u0119 w produkcji betonowych prefabrykat\u00f3w w postaci s\u0142up\u00f3w ogrodzeniowych. Oferowane przez nas produkty odlewane s\u0105 z solidnej mieszanki betonowej, co przek\u0142ada si\u0119 na ich&#8230;<\/p>\n","protected":false},"author":1,"featured_media":0,"parent":0,"menu_order":0,"comment_status":"open","ping_status":"open","template":"full_width.php","meta":[],"_links":{"self":[{"href":"http:\/\/slupyogrodzeniowe.pl\/index.php\/wp-json\/wp\/v2\/pages\/18859"}],"collection":[{"href":"http:\/\/slupyogrodzeniowe.pl\/index.php\/wp-json\/wp\/v2\/pages"}],"about":[{"href":"http:\/\/slupyogrodzeniowe.pl\/index.php\/wp-json\/wp\/v2\/types\/page"}],"author":[{"embeddable":true,"href":"http:\/\/slupyogrodzeniowe.pl\/index.php\/wp-json\/wp\/v2\/users\/1"}],"replies":[{"embeddable":true,"href":"http:\/\/slupyogrodzeniowe.pl\/index.php\/wp-json\/wp\/v2\/comments?post=18859"}],"version-history":[{"count":9,"href":"http:\/\/slupyogrodzeniowe.pl\/index.php\/wp-json\/wp\/v2\/pages\/18859\/revisions"}],"predecessor-version":[{"id":25190,"href":"http:\/\/slupyogrodzeniowe.pl\/index.php\/wp-json\/wp\/v2\/pages\/18859\/revisions\/25190"}],"wp:attachment":[{"href":"http:\/\/slupyogrodzeniowe.pl\/index.php\/wp-json\/wp\/v2\/media?parent=18859"}],"curies":[{"name":"wp","href":"https:\/\/api.w.org\/{rel}","templated":true}]}}